{"id":5390,"date":"2024-06-06T21:13:46","date_gmt":"2024-06-07T01:13:46","guid":{"rendered":"https:\/\/vantaz.com\/?page_id=5390"},"modified":"2024-06-06T21:37:47","modified_gmt":"2024-06-07T01:37:47","slug":"gracias","status":"publish","type":"page","link":"http:\/\/vantaz.com\/en\/gracias\/","title":{"rendered":"Contacto &#8211; gracias"},"content":{"rendered":"<div data-elementor-type=\"wp-page\" data-elementor-id=\"5390\" class=\"elementor elementor-5390\" data-elementor-post-type=\"page\">\n\t\t\t\t\t\t\t<div class=\"elementor-element elementor-element-7d774f1f e-flex e-con-boxed e-con e-parent\" data-id=\"7d774f1f\" data-element_type=\"container\" data-settings=\"{&quot;background_background&quot;:&quot;classic&quot;,&quot;content_width&quot;:&quot;boxed&quot;}\" data-core-v316-plus=\"true\">\n\t\t\t\t\t<div class=\"e-con-inner\">\n\t\t<div class=\"elementor-element elementor-element-79f2ec60 e-con-full e-flex e-con e-child\" data-id=\"79f2ec60\" data-element_type=\"container\" data-settings=\"{&quot;content_width&quot;:&quot;full&quot;}\">\n\t\t\t\t<div class=\"elementor-element elementor-element-2f152b72 elementor-absolute header-text-nosotros elementor-widget elementor-widget-text-editor\" data-id=\"2f152b72\" data-element_type=\"widget\" data-settings=\"{&quot;_position&quot;:&quot;absolute&quot;}\" data-widget_type=\"text-editor.default\">\n\t\t\t\t<div class=\"elementor-widget-container\">\n\t\t\t<style>\/*! elementor - v3.18.0 - 20-12-2023 *\/\n.elementor-widget-text-editor.elementor-drop-cap-view-stacked .elementor-drop-cap{background-color:#69727d;color:#fff}.elementor-widget-text-editor.elementor-drop-cap-view-framed .elementor-drop-cap{color:#69727d;border:3px solid;background-color:transparent}.elementor-widget-text-editor:not(.elementor-drop-cap-view-default) .elementor-drop-cap{margin-top:8px}.elementor-widget-text-editor:not(.elementor-drop-cap-view-default) .elementor-drop-cap-letter{width:1em;height:1em}.elementor-widget-text-editor .elementor-drop-cap{float:left;text-align:center;line-height:1;font-size:50px}.elementor-widget-text-editor .elementor-drop-cap-letter{display:inline-block}<\/style>\t\t\t\t<p>Contact us<\/p>\t\t\t\t\t\t<\/div>\n\t\t\t\t<\/div>\n\t\t\t\t<div class=\"elementor-element elementor-element-60b62ae3 elementor-widget elementor-widget-image\" data-id=\"60b62ae3\" data-element_type=\"widget\" data-widget_type=\"image.default\">\n\t\t\t\t<div class=\"elementor-widget-container\">\n\t\t\t<style>\/*! elementor - v3.18.0 - 20-12-2023 *\/\n.elementor-widget-image{text-align:center}.elementor-widget-image a{display:inline-block}.elementor-widget-image a img[src$=\".svg\"]{width:48px}.elementor-widget-image img{vertical-align:middle;display:inline-block}<\/style>\t\t\t\t\t\t\t\t\t\t\t\t<img fetchpriority=\"high\" decoding=\"async\" width=\"624\" height=\"225\" src=\"http:\/\/vantaz.com\/wp-content\/uploads\/2024\/02\/roca-contactanos.svg\" class=\"attachment-full size-full wp-image-1949\" alt=\"\" \/>\t\t\t\t\t\t\t\t\t\t\t\t\t\t\t<\/div>\n\t\t\t\t<\/div>\n\t\t\t\t<\/div>\n\t\t\t\t\t<\/div>\n\t\t\t\t<\/div>\n\t\t<div class=\"elementor-element elementor-element-61eb984 e-flex e-con-boxed e-con e-parent\" data-id=\"61eb984\" data-element_type=\"container\" data-settings=\"{&quot;content_width&quot;:&quot;boxed&quot;}\" data-core-v316-plus=\"true\">\n\t\t\t\t\t<div class=\"e-con-inner\">\n\t\t<div class=\"elementor-element elementor-element-981bb8f e-con-full e-flex e-con e-child\" data-id=\"981bb8f\" data-element_type=\"container\" data-settings=\"{&quot;content_width&quot;:&quot;full&quot;}\">\n\t\t\t\t<div class=\"elementor-element elementor-element-fbf7dec elementor-widget elementor-widget-heading\" data-id=\"fbf7dec\" data-element_type=\"widget\" data-widget_type=\"heading.default\">\n\t\t\t\t<div class=\"elementor-widget-container\">\n\t\t\t<style>\/*! elementor - v3.18.0 - 20-12-2023 *\/\n.elementor-heading-title{padding:0;margin:0;line-height:1}.elementor-widget-heading .elementor-heading-title[class*=elementor-size-]>a{color:inherit;font-size:inherit;line-height:inherit}.elementor-widget-heading .elementor-heading-title.elementor-size-small{font-size:15px}.elementor-widget-heading .elementor-heading-title.elementor-size-medium{font-size:19px}.elementor-widget-heading .elementor-heading-title.elementor-size-large{font-size:29px}.elementor-widget-heading .elementor-heading-title.elementor-size-xl{font-size:39px}.elementor-widget-heading .elementor-heading-title.elementor-size-xxl{font-size:59px}<\/style><h2 class=\"elementor-heading-title elementor-size-default\"><span style=\"color: #F14A4A;\">Thank you for contacting us! <\/span><br><br>     \nWe appreciate your interest and the time you have taken to complete our contact form. Our team will review your message and get back to you as soon as possible.\n<\/h2>\t\t<\/div>\n\t\t\t\t<\/div>\n\t\t\t\t<\/div>\n\t\t\t\t\t<\/div>\n\t\t\t\t<\/div>\n\t\t<div class=\"elementor-element elementor-element-5250406 e-flex e-con-boxed e-con e-parent\" data-id=\"5250406\" data-element_type=\"container\" data-settings=\"{&quot;content_width&quot;:&quot;boxed&quot;}\" data-core-v316-plus=\"true\">\n\t\t\t\t\t<div class=\"e-con-inner\">\n\t\t\t\t<div class=\"elementor-element elementor-element-9a5c69b elementor-widget elementor-widget-html\" data-id=\"9a5c69b\" data-element_type=\"widget\" data-widget_type=\"html.default\">\n\t\t\t\t<div class=\"elementor-widget-container\">\n\t\t\t<script>\n        function redirigirConTemporizador(url, tiempo) {\n            setTimeout(function() {\n                window.location.href = url;\n            }, tiempo);\n        }\n\n        window.onload = function() {\n            redirigirConTemporizador('https:\/\/vantaz.com\/', 5000);\n        }\n    <\/script>\t\t<\/div>\n\t\t\t\t<\/div>\n\t\t\t\t\t<\/div>\n\t\t\t\t<\/div>\n\t\t\t\t\t\t\t<\/div>","protected":false},"excerpt":{"rendered":"<p>Cont\u00e1ctanos \u00a1Gracias por ponerte en contacto con nosotros! Agradecemos tu inter\u00e9s y el tiempo que has dedicado a completar nuestro formulario de contacto. Nuestro equipo revisar\u00e1 tu mensaje y te responder\u00e1 a la brevedad posible.<\/p>","protected":false},"author":1,"featured_media":0,"parent":0,"menu_order":0,"comment_status":"closed","ping_status":"closed","template":"","meta":{"footnotes":""},"yoast_head":"<!-- This site is optimized with the Yoast SEO plugin v22.9 - https:\/\/yoast.com\/wordpress\/plugins\/seo\/ -->\n<title>Contacto - gracias - Vantaz<\/title>\n<meta name=\"robots\" content=\"index, follow, max-snippet:-1, max-image-preview:large, max-video-preview:-1\" \/>\n<link rel=\"canonical\" href=\"http:\/\/vantaz.com\/en\/gracias\/\" \/>\n<meta property=\"og:locale\" content=\"en_US\" \/>\n<meta property=\"og:type\" content=\"article\" \/>\n<meta property=\"og:title\" content=\"Contacto - gracias - Vantaz\" \/>\n<meta property=\"og:description\" content=\"Cont\u00e1ctanos \u00a1Gracias por ponerte en contacto con nosotros! Agradecemos tu inter\u00e9s y el tiempo que has dedicado a completar nuestro formulario de contacto. Nuestro equipo revisar\u00e1 tu mensaje y te responder\u00e1 a la brevedad posible.\" \/>\n<meta property=\"og:url\" content=\"http:\/\/vantaz.com\/en\/gracias\/\" \/>\n<meta property=\"og:site_name\" content=\"Vantaz\" \/>\n<meta property=\"article:modified_time\" content=\"2024-06-07T01:37:47+00:00\" \/>\n<meta property=\"og:image\" content=\"http:\/\/vantaz.com\/wp-content\/uploads\/2024\/02\/roca-contactanos.svg\" \/>\n<meta name=\"twitter:card\" content=\"summary_large_image\" \/>\n<meta name=\"twitter:label1\" content=\"Est. reading time\" \/>\n\t<meta name=\"twitter:data1\" content=\"1 minute\" \/>\n<script type=\"application\/ld+json\" class=\"yoast-schema-graph\">{\"@context\":\"https:\/\/schema.org\",\"@graph\":[{\"@type\":\"WebPage\",\"@id\":\"http:\/\/vantaz.com\/gracias\/\",\"url\":\"http:\/\/vantaz.com\/gracias\/\",\"name\":\"Contacto - gracias - Vantaz\",\"isPartOf\":{\"@id\":\"https:\/\/vantaz.com\/#website\"},\"primaryImageOfPage\":{\"@id\":\"http:\/\/vantaz.com\/gracias\/#primaryimage\"},\"image\":{\"@id\":\"http:\/\/vantaz.com\/gracias\/#primaryimage\"},\"thumbnailUrl\":\"http:\/\/vantaz.com\/wp-content\/uploads\/2024\/02\/roca-contactanos.svg\",\"datePublished\":\"2024-06-07T01:13:46+00:00\",\"dateModified\":\"2024-06-07T01:37:47+00:00\",\"breadcrumb\":{\"@id\":\"http:\/\/vantaz.com\/gracias\/#breadcrumb\"},\"inLanguage\":\"en-US\",\"potentialAction\":[{\"@type\":\"ReadAction\",\"target\":[\"http:\/\/vantaz.com\/gracias\/\"]}]},{\"@type\":\"ImageObject\",\"inLanguage\":\"en-US\",\"@id\":\"http:\/\/vantaz.com\/gracias\/#primaryimage\",\"url\":\"http:\/\/vantaz.com\/wp-content\/uploads\/2024\/02\/roca-contactanos.svg\",\"contentUrl\":\"http:\/\/vantaz.com\/wp-content\/uploads\/2024\/02\/roca-contactanos.svg\"},{\"@type\":\"BreadcrumbList\",\"@id\":\"http:\/\/vantaz.com\/gracias\/#breadcrumb\",\"itemListElement\":[{\"@type\":\"ListItem\",\"position\":1,\"name\":\"Portada\",\"item\":\"https:\/\/vantaz.com\/\"},{\"@type\":\"ListItem\",\"position\":2,\"name\":\"Contacto &#8211; gracias\"}]},{\"@type\":\"WebSite\",\"@id\":\"https:\/\/vantaz.com\/#website\",\"url\":\"https:\/\/vantaz.com\/\",\"name\":\"Vantaz\",\"description\":\"\",\"potentialAction\":[{\"@type\":\"SearchAction\",\"target\":{\"@type\":\"EntryPoint\",\"urlTemplate\":\"https:\/\/vantaz.com\/?s={search_term_string}\"},\"query-input\":\"required name=search_term_string\"}],\"inLanguage\":\"en-US\"}]}<\/script>\n<!-- \/ Yoast SEO plugin. -->","yoast_head_json":{"title":"Contacto - gracias - Vantaz","robots":{"index":"index","follow":"follow","max-snippet":"max-snippet:-1","max-image-preview":"max-image-preview:large","max-video-preview":"max-video-preview:-1"},"canonical":"http:\/\/vantaz.com\/en\/gracias\/","og_locale":"en_US","og_type":"article","og_title":"Contacto - gracias - Vantaz","og_description":"Cont\u00e1ctanos \u00a1Gracias por ponerte en contacto con nosotros! Agradecemos tu inter\u00e9s y el tiempo que has dedicado a completar nuestro formulario de contacto. Nuestro equipo revisar\u00e1 tu mensaje y te responder\u00e1 a la brevedad posible.","og_url":"http:\/\/vantaz.com\/en\/gracias\/","og_site_name":"Vantaz","article_modified_time":"2024-06-07T01:37:47+00:00","og_image":[{"url":"http:\/\/vantaz.com\/wp-content\/uploads\/2024\/02\/roca-contactanos.svg"}],"twitter_card":"summary_large_image","twitter_misc":{"Est. reading time":"1 minute"},"schema":{"@context":"https:\/\/schema.org","@graph":[{"@type":"WebPage","@id":"http:\/\/vantaz.com\/gracias\/","url":"http:\/\/vantaz.com\/gracias\/","name":"Contacto - gracias - Vantaz","isPartOf":{"@id":"https:\/\/vantaz.com\/#website"},"primaryImageOfPage":{"@id":"http:\/\/vantaz.com\/gracias\/#primaryimage"},"image":{"@id":"http:\/\/vantaz.com\/gracias\/#primaryimage"},"thumbnailUrl":"http:\/\/vantaz.com\/wp-content\/uploads\/2024\/02\/roca-contactanos.svg","datePublished":"2024-06-07T01:13:46+00:00","dateModified":"2024-06-07T01:37:47+00:00","breadcrumb":{"@id":"http:\/\/vantaz.com\/gracias\/#breadcrumb"},"inLanguage":"en-US","potentialAction":[{"@type":"ReadAction","target":["http:\/\/vantaz.com\/gracias\/"]}]},{"@type":"ImageObject","inLanguage":"en-US","@id":"http:\/\/vantaz.com\/gracias\/#primaryimage","url":"http:\/\/vantaz.com\/wp-content\/uploads\/2024\/02\/roca-contactanos.svg","contentUrl":"http:\/\/vantaz.com\/wp-content\/uploads\/2024\/02\/roca-contactanos.svg"},{"@type":"BreadcrumbList","@id":"http:\/\/vantaz.com\/gracias\/#breadcrumb","itemListElement":[{"@type":"ListItem","position":1,"name":"Portada","item":"https:\/\/vantaz.com\/"},{"@type":"ListItem","position":2,"name":"Contacto &#8211; gracias"}]},{"@type":"WebSite","@id":"https:\/\/vantaz.com\/#website","url":"https:\/\/vantaz.com\/","name":"Vantaz","description":"","potentialAction":[{"@type":"SearchAction","target":{"@type":"EntryPoint","urlTemplate":"https:\/\/vantaz.com\/?s={search_term_string}"},"query-input":"required name=search_term_string"}],"inLanguage":"en-US"}]}},"_links":{"self":[{"href":"http:\/\/vantaz.com\/en\/wp-json\/wp\/v2\/pages\/5390"}],"collection":[{"href":"http:\/\/vantaz.com\/en\/wp-json\/wp\/v2\/pages"}],"about":[{"href":"http:\/\/vantaz.com\/en\/wp-json\/wp\/v2\/types\/page"}],"author":[{"embeddable":true,"href":"http:\/\/vantaz.com\/en\/wp-json\/wp\/v2\/users\/1"}],"replies":[{"embeddable":true,"href":"http:\/\/vantaz.com\/en\/wp-json\/wp\/v2\/comments?post=5390"}],"version-history":[{"count":10,"href":"http:\/\/vantaz.com\/en\/wp-json\/wp\/v2\/pages\/5390\/revisions"}],"predecessor-version":[{"id":5418,"href":"http:\/\/vantaz.com\/en\/wp-json\/wp\/v2\/pages\/5390\/revisions\/5418"}],"wp:attachment":[{"href":"http:\/\/vantaz.com\/en\/wp-json\/wp\/v2\/media?parent=5390"}],"curies":[{"name":"wp","href":"https:\/\/api.w.org\/{rel}","templated":true}]}}